{"id":117,"date":"2023-12-06T13:20:39","date_gmt":"2023-12-06T12:20:39","guid":{"rendered":"https:\/\/mmi.sciencespo-lille.eu\/?page_id=117"},"modified":"2025-06-05T15:25:36","modified_gmt":"2025-06-05T13:25:36","slug":"lalternance-et-linsertion-professionnelle-m2","status":"publish","type":"page","link":"https:\/\/mmi.sciencespo-lille.eu\/index.php\/lalternance-et-linsertion-professionnelle-m2\/","title":{"rendered":"L\u2019alternance et l\u2019insertion professionnelle (M2)"},"content":{"rendered":"\n<h2 class=\"wp-block-heading\">Management des M\u00e9tiers de l&rsquo;Image en alternance<\/h2>\n\n\n\n<p>L\u2019apprentissage alterne des\u202f<strong>p\u00e9riodes de cours \u00e0 Sciences Po Lille<\/strong>\u202f(formation th\u00e9orique) et des\u202f<strong>p\u00e9riodes au sein d\u2019une organisation<\/strong>\u202f(formation pratique), dans le cadre d\u2019un contrat de travail sp\u00e9cifique et selon un calendrier pr\u00e9d\u00e9fini.&nbsp;<\/p>\n\n\n\n<p>Ce rythme permet une\u202f<strong>bonne int\u00e9gration des \u00e9l\u00e8ves au sein des \u00e9quipes et des projets et les place en situation professionnelle r\u00e9elle<\/strong>.&nbsp;<\/p>\n\n\n\n<p>Les p\u00e9riodes de formation \u00e0 Sciences Po Lille permettent aux \u00e9tudiantes et aux \u00e9tudiants de compl\u00e9ter leur exp\u00e9rience pratique en la confrontant \u00e0 des r\u00e9flexions et \u00e0 des \u00e9tudes de cas qui leur sont pr\u00e9sent\u00e9es en cours par des intervenantes et intervenants professionnels et des enseignantes et enseignants-chercheurs.\u202f&nbsp;<\/p>\n\n\n\n<p><strong>Calendrier d\u2019alternance 2025-2026\u00a0<\/strong>pour la majeure MMI :\u00a0<\/p>\n\n\n<a href=\"https:\/\/mmi.sciencespo-lille.eu\/wp-content\/uploads\/2025\/06\/MMI-Calendrier-2025-26.pdf\" class=\"pdfemb-viewer\" style=\"\" data-width=\"max\" data-height=\"max\" data-toolbar=\"bottom\" data-toolbar-fixed=\"off\">MMI-Calendrier-2025-26<\/a>\n<p class=\"wp-block-pdfemb-pdf-embedder-viewer\"><\/p>\n\n\n\n<p>Les \u00e9tudiants et \u00e9tudiantes de Sciences Po Lille peuvent consulter\u202f<strong>l\u2019historique des stages<\/strong>\u202f<strong>et apprentissages<\/strong>\u202fvia la plateforme des Alumni :&nbsp;<\/p>\n\n\n\n<div class=\"wp-block-buttons is-content-justification-center is-layout-flex wp-container-core-buttons-is-layout-16018d1d wp-block-buttons-is-layout-flex\">\n<div class=\"wp-block-button is-style-fill\"><a class=\"wp-block-button__link wp-element-button\" href=\"https:\/\/alumni.sciencespo-lille.eu\/page\/historique-des-stages\" target=\"_blank\" rel=\"noreferrer noopener\">Historique des stages et apprentissages<\/a><\/div>\n<\/div>\n\n\n\n<div style=\"height:37px\" aria-hidden=\"true\" class=\"wp-block-spacer\"><\/div>\n\n\n\n<p>Retrouvez \u00e9galement la\u202f<strong>liste des offres de stage, d\u2019apprentissage et d\u2019emploi<\/strong>\u202f:&nbsp;<\/p>\n\n\n\n<div class=\"wp-block-buttons is-content-justification-center is-layout-flex wp-container-core-buttons-is-layout-16018d1d wp-block-buttons-is-layout-flex\">\n<div class=\"wp-block-button\"><a class=\"wp-block-button__link wp-element-button\" href=\"https:\/\/alumni.sciencespo-lille.eu\/jobboard?page=1\" target=\"_blank\" rel=\"noreferrer noopener\">Offres de stage, d&rsquo;apprentissage et d&#8217;emploi<\/a><\/div>\n<\/div>\n\n\n\n<div style=\"height:41px\" aria-hidden=\"true\" class=\"wp-block-spacer\"><\/div>\n\n\n\n<p>Pour plus d\u2019informations sur l\u2019apprentissage \u00e0 Sciences Po Lille et l\u2019insertion professionnelle, consultez le\u202f<strong>Guide de l\u2019apprentissage<\/strong>\u202fde la plateforme des Alumni :&nbsp;<\/p>\n\n\n\n<div class=\"wp-block-buttons is-content-justification-center is-layout-flex wp-container-core-buttons-is-layout-16018d1d wp-block-buttons-is-layout-flex\">\n<div class=\"wp-block-button\"><a class=\"wp-block-button__link wp-element-button\" href=\"https:\/\/alumni.sciencespo-lille.eu\/page\/guide-de-l-apprentissage\" target=\"_blank\" rel=\"noreferrer noopener\">Guide de l&rsquo;apprentissage<\/a><\/div>\n<\/div>\n","protected":false},"excerpt":{"rendered":"<p>Management des M\u00e9tiers de l&rsquo;Image en alternance L\u2019apprentissage alterne des\u202fp\u00e9riodes de cours \u00e0 Sciences Po Lille\u202f(formation th\u00e9orique) et des\u202fp\u00e9riodes au sein d\u2019une organisation\u202f(formation pratique), dans le cadre d\u2019un contrat de travail sp\u00e9cifique et selon un calendrier pr\u00e9d\u00e9fini.&nbsp; Ce rythme permet une\u202fbonne int\u00e9gration des \u00e9l\u00e8ves au sein des \u00e9quipes et des projets et les place en [&hellip;]<\/p>\n","protected":false},"author":1,"featured_media":0,"parent":0,"menu_order":0,"comment_status":"closed","ping_status":"closed","template":"","meta":{"_seopress_robots_primary_cat":"","_seopress_titles_title":"","_seopress_titles_desc":"","_seopress_robots_index":"","ocean_post_layout":"","ocean_both_sidebars_style":"","ocean_both_sidebars_content_width":0,"ocean_both_sidebars_sidebars_width":0,"ocean_sidebar":"","ocean_second_sidebar":"","ocean_disable_margins":"enable","ocean_add_body_class":"","ocean_shortcode_before_top_bar":"","ocean_shortcode_after_top_bar":"","ocean_shortcode_before_header":"","ocean_shortcode_after_header":"","ocean_has_shortcode":"","ocean_shortcode_after_title":"","ocean_shortcode_before_footer_widgets":"","ocean_shortcode_after_footer_widgets":"","ocean_shortcode_before_footer_bottom":"","ocean_shortcode_after_footer_bottom":"","ocean_display_top_bar":"default","ocean_display_header":"default","ocean_header_style":"","ocean_center_header_left_menu":"","ocean_custom_header_template":"","ocean_custom_logo":0,"ocean_custom_retina_logo":0,"ocean_custom_logo_max_width":0,"ocean_custom_logo_tablet_max_width":0,"ocean_custom_logo_mobile_max_width":0,"ocean_custom_logo_max_height":0,"ocean_custom_logo_tablet_max_height":0,"ocean_custom_logo_mobile_max_height":0,"ocean_header_custom_menu":"","ocean_menu_typo_font_family":"","ocean_menu_typo_font_subset":"","ocean_menu_typo_font_size":0,"ocean_menu_typo_font_size_tablet":0,"ocean_menu_typo_font_size_mobile":0,"ocean_menu_typo_font_size_unit":"px","ocean_menu_typo_font_weight":"","ocean_menu_typo_font_weight_tablet":"","ocean_menu_typo_font_weight_mobile":"","ocean_menu_typo_transform":"","ocean_menu_typo_transform_tablet":"","ocean_menu_typo_transform_mobile":"","ocean_menu_typo_line_height":0,"ocean_menu_typo_line_height_tablet":0,"ocean_menu_typo_line_height_mobile":0,"ocean_menu_typo_line_height_unit":"","ocean_menu_typo_spacing":0,"ocean_menu_typo_spacing_tablet":0,"ocean_menu_typo_spacing_mobile":0,"ocean_menu_typo_spacing_unit":"","ocean_menu_link_color":"","ocean_menu_link_color_hover":"","ocean_menu_link_color_active":"","ocean_menu_link_background":"","ocean_menu_link_hover_background":"","ocean_menu_link_active_background":"","ocean_menu_social_links_bg":"","ocean_menu_social_hover_links_bg":"","ocean_menu_social_links_color":"","ocean_menu_social_hover_links_color":"","ocean_disable_title":"default","ocean_disable_heading":"default","ocean_post_title":"","ocean_post_subheading":"","ocean_post_title_style":"","ocean_post_title_background_color":"","ocean_post_title_background":0,"ocean_post_title_bg_image_position":"","ocean_post_title_bg_image_attachment":"","ocean_post_title_bg_image_repeat":"","ocean_post_title_bg_image_size":"","ocean_post_title_height":0,"ocean_post_title_bg_overlay":0.5,"ocean_post_title_bg_overlay_color":"","ocean_disable_breadcrumbs":"default","ocean_breadcrumbs_color":"","ocean_breadcrumbs_separator_color":"","ocean_breadcrumbs_links_color":"","ocean_breadcrumbs_links_hover_color":"","ocean_display_footer_widgets":"default","ocean_display_footer_bottom":"default","ocean_custom_footer_template":"","footnotes":""},"class_list":["post-117","page","type-page","status-publish","hentry","entry"],"_links":{"self":[{"href":"https:\/\/mmi.sciencespo-lille.eu\/index.php\/wp-json\/wp\/v2\/pages\/117","targetHints":{"allow":["GET"]}}],"collection":[{"href":"https:\/\/mmi.sciencespo-lille.eu\/index.php\/wp-json\/wp\/v2\/pages"}],"about":[{"href":"https:\/\/mmi.sciencespo-lille.eu\/index.php\/wp-json\/wp\/v2\/types\/page"}],"author":[{"embeddable":true,"href":"https:\/\/mmi.sciencespo-lille.eu\/index.php\/wp-json\/wp\/v2\/users\/1"}],"replies":[{"embeddable":true,"href":"https:\/\/mmi.sciencespo-lille.eu\/index.php\/wp-json\/wp\/v2\/comments?post=117"}],"version-history":[{"count":23,"href":"https:\/\/mmi.sciencespo-lille.eu\/index.php\/wp-json\/wp\/v2\/pages\/117\/revisions"}],"predecessor-version":[{"id":773,"href":"https:\/\/mmi.sciencespo-lille.eu\/index.php\/wp-json\/wp\/v2\/pages\/117\/revisions\/773"}],"wp:attachment":[{"href":"https:\/\/mmi.sciencespo-lille.eu\/index.php\/wp-json\/wp\/v2\/media?parent=117"}],"curies":[{"name":"wp","href":"https:\/\/api.w.org\/{rel}","templated":true}]}}