{"id":163,"date":"2023-12-06T14:34:32","date_gmt":"2023-12-06T13:34:32","guid":{"rendered":"https:\/\/mmi.sciencespo-lille.eu\/?page_id=163"},"modified":"2023-12-13T15:00:59","modified_gmt":"2023-12-13T14:00:59","slug":"projets-et-realisation-detudiantes-et-detudiants","status":"publish","type":"page","link":"https:\/\/mmi.sciencespo-lille.eu\/index.php\/projets-et-realisation-detudiantes-et-detudiants\/","title":{"rendered":"Projets et r\u00e9alisation d\u2019\u00e9tudiantes et d&rsquo;\u00e9tudiants"},"content":{"rendered":"\n<div style=\"height:29px\" aria-hidden=\"true\" class=\"wp-block-spacer\"><\/div>\n\n\n\n<ul class=\"wp-block-list\">\n<li><strong><mark style=\"background-color:rgba(0, 0, 0, 0);color:#7950fc\" class=\"has-inline-color\">Series Mania\u202f<\/mark><\/strong><\/li>\n<\/ul>\n\n\n\n<p>Pendant la semaine du Festival Series Mania, les \u00e9tudiantes et \u00e9tudiants du parcours Audiovisuel du master MIC ont pu rencontrer des professionnels de l\u2019industrie de l\u2019audiovisuel. Rencontres avec les partenaires de Series Mania Institute\u202f<a href=\"https:\/\/www.linkedin.com\/company\/hbo-max\/\" target=\"_blank\" rel=\"noreferrer noopener\">HBO Max<\/a>\u202f,\u202f<a href=\"https:\/\/www.linkedin.com\/company\/newengroup\/\" target=\"_blank\" rel=\"noreferrer noopener\">Newen Studios<\/a>\u202fet\u202f<a href=\"https:\/\/www.linkedin.com\/company\/france-televisions\/\" target=\"_blank\" rel=\"noreferrer noopener\">France T\u00e9l\u00e9visions<\/a>, s\u00e9ances de pitches au Series Mania Forum, \u00e9changes conviviaux&#8230; Le but \u00e9tant de connecter les \u00e9tudiantes et \u00e9tudiants \u00e0 l&rsquo;industrie, pour la suite de leur parcours professionnel.&nbsp;<\/p>\n\n\n<div class=\"wp-block-image\">\n<figure class=\"aligncenter size-full is-resized\"><img fetchpriority=\"high\" decoding=\"async\" width=\"562\" height=\"579\" src=\"https:\/\/mmi.sciencespo-lille.eu\/wp-content\/uploads\/2023\/12\/evenement-serie-mania-photo.png\" alt=\"\" class=\"wp-image-665\" style=\"width:345px;height:auto\" srcset=\"https:\/\/mmi.sciencespo-lille.eu\/wp-content\/uploads\/2023\/12\/evenement-serie-mania-photo.png 562w, https:\/\/mmi.sciencespo-lille.eu\/wp-content\/uploads\/2023\/12\/evenement-serie-mania-photo-291x300.png 291w\" sizes=\"(max-width: 562px) 100vw, 562px\" \/><\/figure>\n<\/div>","protected":false},"excerpt":{"rendered":"<p>Pendant la semaine du Festival Series Mania, les \u00e9tudiantes et \u00e9tudiants du parcours Audiovisuel du master MIC ont pu rencontrer des professionnels de l\u2019industrie de l\u2019audiovisuel. Rencontres avec les partenaires de Series Mania Institute\u202fHBO Max\u202f,\u202fNewen Studios\u202fet\u202fFrance T\u00e9l\u00e9visions, s\u00e9ances de pitches au Series Mania Forum, \u00e9changes conviviaux&#8230; Le but \u00e9tant de connecter les \u00e9tudiantes et \u00e9tudiants [&hellip;]<\/p>\n","protected":false},"author":1,"featured_media":0,"parent":0,"menu_order":0,"comment_status":"closed","ping_status":"closed","template":"","meta":{"_seopress_robots_primary_cat":"","_seopress_titles_title":"","_seopress_titles_desc":"","_seopress_robots_index":"","ocean_post_layout":"","ocean_both_sidebars_style":"","ocean_both_sidebars_content_width":0,"ocean_both_sidebars_sidebars_width":0,"ocean_sidebar":"","ocean_second_sidebar":"","ocean_disable_margins":"enable","ocean_add_body_class":"","ocean_shortcode_before_top_bar":"","ocean_shortcode_after_top_bar":"","ocean_shortcode_before_header":"","ocean_shortcode_after_header":"","ocean_has_shortcode":"","ocean_shortcode_after_title":"","ocean_shortcode_before_footer_widgets":"","ocean_shortcode_after_footer_widgets":"","ocean_shortcode_before_footer_bottom":"","ocean_shortcode_after_footer_bottom":"","ocean_display_top_bar":"default","ocean_display_header":"default","ocean_header_style":"","ocean_center_header_left_menu":"","ocean_custom_header_template":"","ocean_custom_logo":0,"ocean_custom_retina_logo":0,"ocean_custom_logo_max_width":0,"ocean_custom_logo_tablet_max_width":0,"ocean_custom_logo_mobile_max_width":0,"ocean_custom_logo_max_height":0,"ocean_custom_logo_tablet_max_height":0,"ocean_custom_logo_mobile_max_height":0,"ocean_header_custom_menu":"","ocean_menu_typo_font_family":"","ocean_menu_typo_font_subset":"","ocean_menu_typo_font_size":0,"ocean_menu_typo_font_size_tablet":0,"ocean_menu_typo_font_size_mobile":0,"ocean_menu_typo_font_size_unit":"px","ocean_menu_typo_font_weight":"","ocean_menu_typo_font_weight_tablet":"","ocean_menu_typo_font_weight_mobile":"","ocean_menu_typo_transform":"","ocean_menu_typo_transform_tablet":"","ocean_menu_typo_transform_mobile":"","ocean_menu_typo_line_height":0,"ocean_menu_typo_line_height_tablet":0,"ocean_menu_typo_line_height_mobile":0,"ocean_menu_typo_line_height_unit":"","ocean_menu_typo_spacing":0,"ocean_menu_typo_spacing_tablet":0,"ocean_menu_typo_spacing_mobile":0,"ocean_menu_typo_spacing_unit":"","ocean_menu_link_color":"","ocean_menu_link_color_hover":"","ocean_menu_link_color_active":"","ocean_menu_link_background":"","ocean_menu_link_hover_background":"","ocean_menu_link_active_background":"","ocean_menu_social_links_bg":"","ocean_menu_social_hover_links_bg":"","ocean_menu_social_links_color":"","ocean_menu_social_hover_links_color":"","ocean_disable_title":"default","ocean_disable_heading":"default","ocean_post_title":"","ocean_post_subheading":"","ocean_post_title_style":"","ocean_post_title_background_color":"","ocean_post_title_background":0,"ocean_post_title_bg_image_position":"","ocean_post_title_bg_image_attachment":"","ocean_post_title_bg_image_repeat":"","ocean_post_title_bg_image_size":"","ocean_post_title_height":0,"ocean_post_title_bg_overlay":0.5,"ocean_post_title_bg_overlay_color":"","ocean_disable_breadcrumbs":"default","ocean_breadcrumbs_color":"","ocean_breadcrumbs_separator_color":"","ocean_breadcrumbs_links_color":"","ocean_breadcrumbs_links_hover_color":"","ocean_display_footer_widgets":"default","ocean_display_footer_bottom":"default","ocean_custom_footer_template":"","footnotes":""},"class_list":["post-163","page","type-page","status-publish","hentry","entry"],"_links":{"self":[{"href":"https:\/\/mmi.sciencespo-lille.eu\/index.php\/wp-json\/wp\/v2\/pages\/163","targetHints":{"allow":["GET"]}}],"collection":[{"href":"https:\/\/mmi.sciencespo-lille.eu\/index.php\/wp-json\/wp\/v2\/pages"}],"about":[{"href":"https:\/\/mmi.sciencespo-lille.eu\/index.php\/wp-json\/wp\/v2\/types\/page"}],"author":[{"embeddable":true,"href":"https:\/\/mmi.sciencespo-lille.eu\/index.php\/wp-json\/wp\/v2\/users\/1"}],"replies":[{"embeddable":true,"href":"https:\/\/mmi.sciencespo-lille.eu\/index.php\/wp-json\/wp\/v2\/comments?post=163"}],"version-history":[{"count":4,"href":"https:\/\/mmi.sciencespo-lille.eu\/index.php\/wp-json\/wp\/v2\/pages\/163\/revisions"}],"predecessor-version":[{"id":667,"href":"https:\/\/mmi.sciencespo-lille.eu\/index.php\/wp-json\/wp\/v2\/pages\/163\/revisions\/667"}],"wp:attachment":[{"href":"https:\/\/mmi.sciencespo-lille.eu\/index.php\/wp-json\/wp\/v2\/media?parent=163"}],"curies":[{"name":"wp","href":"https:\/\/api.w.org\/{rel}","templated":true}]}}