{"id":9,"date":"2023-11-29T16:09:39","date_gmt":"2023-11-29T15:09:39","guid":{"rendered":"https:\/\/mmi.sciencespo-lille.eu\/?page_id=9"},"modified":"2024-10-11T14:15:02","modified_gmt":"2024-10-11T12:15:02","slug":"presentation-de-la-majeure-management-des-metiers-de-limage","status":"publish","type":"page","link":"https:\/\/mmi.sciencespo-lille.eu\/","title":{"rendered":"Pr\u00e9sentation de la majeure Management des M\u00e9tiers de l&rsquo;Image"},"content":{"rendered":"<div class=\"wp-block-image\">\n<figure class=\"aligncenter size-full is-resized\"><img fetchpriority=\"high\" decoding=\"async\" width=\"435\" height=\"364\" src=\"https:\/\/mmi.sciencespo-lille.eu\/wp-content\/uploads\/2023\/12\/new.png\" alt=\"\" class=\"wp-image-66\" style=\"width:109px;height:auto\" srcset=\"https:\/\/mmi.sciencespo-lille.eu\/wp-content\/uploads\/2023\/12\/new.png 435w, https:\/\/mmi.sciencespo-lille.eu\/wp-content\/uploads\/2023\/12\/new-300x251.png 300w\" sizes=\"(max-width: 435px) 100vw, 435px\" \/><\/figure>\n<\/div>\n\n\n<hr class=\"wp-block-separator has-text-color has-css-opacity has-background is-style-wide\" style=\"background-color:#e6e6e6;color:#e6e6e6\"\/>\n\n\n\n<div class=\"wp-block-columns is-layout-flex wp-container-core-columns-is-layout-9d6595d7 wp-block-columns-is-layout-flex\">\n<div class=\"wp-block-column is-layout-flow wp-block-column-is-layout-flow\" style=\"flex-basis:66.66%\">\n<p>Bienvenue sur le site de la majeure <strong>Management des M\u00e9tiers de l&rsquo;Image (MMI)<\/strong> de Sciences Po Lille.<br>En partenariat avec Series Mania Institute.<\/p>\n<\/div>\n\n\n\n<div class=\"wp-block-column is-layout-flow wp-block-column-is-layout-flow\" style=\"flex-basis:33.33%\">\n<figure class=\"wp-block-image size-full is-resized\"><img decoding=\"async\" width=\"307\" height=\"142\" src=\"https:\/\/mmi.sciencespo-lille.eu\/wp-content\/uploads\/2023\/12\/24IN_LOGO\u00b01_BAT.png\" alt=\"\" class=\"wp-image-643\" style=\"width:209px;height:auto\" srcset=\"https:\/\/mmi.sciencespo-lille.eu\/wp-content\/uploads\/2023\/12\/24IN_LOGO\u00b01_BAT.png 307w, https:\/\/mmi.sciencespo-lille.eu\/wp-content\/uploads\/2023\/12\/24IN_LOGO\u00b01_BAT-300x139.png 300w\" sizes=\"(max-width: 307px) 100vw, 307px\" \/><\/figure>\n<\/div>\n<\/div>\n\n\n\n<figure class=\"wp-block-video\"><video height=\"2160\" style=\"aspect-ratio: 3840 \/ 2160;\" width=\"3840\" controls src=\"https:\/\/mmi.sciencespo-lille.eu\/wp-content\/uploads\/2023\/12\/MASTER-MMI.mp4\"><\/video><\/figure>\n\n\n\n<div style=\"height:27px\" aria-hidden=\"true\" class=\"wp-block-spacer\"><\/div>\n\n\n\n<h2 class=\"wp-block-heading\">Objectif de la formation<\/h2>\n\n\n\n<p>Le Master MMI, en partenariat avec le Series Mania Institute, a pour ambition de former les cadres de haut niveau et les entrepreneurs de l\u2019audiovisuel\u202fde demain. Pour cela, la formation vise \u00e0 leur apporter tous les outils n\u00e9cessaires pour <strong>comprendre les enjeux contemporains des m\u00e9tiers de l\u2019image<\/strong> mais aussi en les professionnalisant notamment gr\u00e2ce \u00e0 une deuxi\u00e8me ann\u00e9e de Master en alternance, afin que <strong>les \u00e9tudiantes et \u00e9tudiants soient op\u00e9rationnels d\u00e8s leur sortie de dipl\u00f4me<\/strong>.\u00a0\u00a0<br><br><strong><em>Le parcours Audiovisuel du master <a href=\"https:\/\/mic.sciencespo-lille.eu\/\">Management des Institutions Culturelles <\/a>\u00e9volue et devient le master Management des M\u00e9tiers de l\u2019Image.<\/em><\/strong>\u00a0<br><br><\/p>\n\n\n\n<hr class=\"wp-block-separator has-text-color has-css-opacity has-background is-style-wide\" style=\"background-color:#e6e6e6;color:#e6e6e6\"\/>\n\n\n\n<h2 class=\"wp-block-heading\">Principaux d\u00e9bouch\u00e9s<\/h2>\n\n\n\n<p>La majeure MMI forme les \u00e9tudiantes et \u00e9tudiants aux diff\u00e9rents m\u00e9tiers de l\u2019audiovisuel en France comme \u00e0 l\u2019international, qu\u2019ils appartiennent aux champs du digital (plateformes, diffusion streaming ou num\u00e9rique), de la t\u00e9l\u00e9vision ou du cin\u00e9ma.&nbsp;&nbsp;<br><br>\u00c0 l\u2019issue de leur formation les \u00e9tudiantes et \u00e9tudiants peuvent pr\u00e9tendre \u00e0 diff\u00e9rentes fonctions telles que\u202f:&nbsp;&nbsp;<\/p>\n\n\n\n<ul class=\"wp-block-list\">\n<li>Charg\u00e9, charg\u00e9e de production; producteur, productrice&nbsp;<\/li>\n\n\n\n<li>Directeur, directrice litt\u00e9raire; charg\u00e9, charg\u00e9e de d\u00e9veloppement&nbsp;<\/li>\n\n\n\n<li>Conseiller, conseill\u00e8re de programme&nbsp;<\/li>\n\n\n\n<li>Distributeur, distributrice&nbsp;<\/li>\n\n\n\n<li>Agent, agente artistique&nbsp;&nbsp;<\/li>\n\n\n\n<li>Administrateur, administratrice de production&nbsp;<\/li>\n\n\n\n<li>\u2026&nbsp;<\/li>\n<\/ul>\n\n\n\n<p>MMI pr\u00e9pare donc \u00e0 des m\u00e9tiers vari\u00e9s et polyvalents dans diff\u00e9rents secteurs de l\u2019audiovisuel et peut compter sur un r\u00e9seau solide et croissant de partenaires et d&rsquo;Alumni.&nbsp;<br><br><\/p>\n\n\n\n<hr class=\"wp-block-separator has-text-color has-css-opacity has-background is-style-wide\" style=\"background-color:#e6e6e6;color:#e6e6e6\"\/>\n\n\n\n<h2 class=\"wp-block-heading\">Responsables de la majeure MMI<\/h2>\n\n\n\n<div class=\"wp-block-media-text alignwide is-stacked-on-mobile\" style=\"grid-template-columns:29% auto\"><figure class=\"wp-block-media-text__media\"><img decoding=\"async\" width=\"1024\" height=\"1024\" src=\"https:\/\/mmi.sciencespo-lille.eu\/wp-content\/uploads\/2023\/11\/photo-Lea-Boehringer-modified-1024x1024.png\" alt=\"\" class=\"wp-image-15 size-full\" srcset=\"https:\/\/mmi.sciencespo-lille.eu\/wp-content\/uploads\/2023\/11\/photo-Lea-Boehringer-modified-1024x1024.png 1024w, https:\/\/mmi.sciencespo-lille.eu\/wp-content\/uploads\/2023\/11\/photo-Lea-Boehringer-modified-300x300.png 300w, https:\/\/mmi.sciencespo-lille.eu\/wp-content\/uploads\/2023\/11\/photo-Lea-Boehringer-modified-150x150.png 150w, https:\/\/mmi.sciencespo-lille.eu\/wp-content\/uploads\/2023\/11\/photo-Lea-Boehringer-modified-768x768.png 768w, https:\/\/mmi.sciencespo-lille.eu\/wp-content\/uploads\/2023\/11\/photo-Lea-Boehringer-modified-600x600.png 600w, https:\/\/mmi.sciencespo-lille.eu\/wp-content\/uploads\/2023\/11\/photo-Lea-Boehringer-modified.png 1200w\" sizes=\"(max-width: 1024px) 100vw, 1024px\" \/><\/figure><div class=\"wp-block-media-text__content\">\n<p class=\"has-large-font-size\"> <strong>L\u00e9a-Jeanne Boehringer<\/strong><\/p>\n\n\n\n<p><strong>Enseignante<\/strong><\/p>\n\n\n\n<p>Domaines d\u2019expertise\u202f: Sc\u00e9nario\u202f; Production audiovisuelle&nbsp;<\/p>\n\n\n\n<p><\/p>\n<\/div><\/div>\n\n\n\n<div class=\"wp-block-media-text alignwide has-media-on-the-right is-stacked-on-mobile\" style=\"grid-template-columns:auto 33%\"><div class=\"wp-block-media-text__content\">\n<p class=\"has-text-align-right has-large-font-size\"><strong>Alice B\u00e9ja<\/strong><\/p>\n\n\n\n<p class=\"has-text-align-right\"><strong>Enseignante<\/strong> <strong>chercheuse<\/strong><\/p>\n\n\n\n<p class=\"has-text-align-right\">Domaines d\u2019expertise\u202f: \u00c9tats-Unis, histoire intellectuelle, <br>\u00e9tudes de genre&nbsp;                          <\/p>\n\n\n\n<p><\/p>\n<\/div><figure class=\"wp-block-media-text__media\"><img loading=\"lazy\" decoding=\"async\" width=\"1006\" height=\"1024\" src=\"https:\/\/mmi.sciencespo-lille.eu\/wp-content\/uploads\/2024\/10\/alicebja-e1727972956718-1006x1024.png\" alt=\"\" class=\"wp-image-738 size-full\" srcset=\"https:\/\/mmi.sciencespo-lille.eu\/wp-content\/uploads\/2024\/10\/alicebja-e1727972956718-1006x1024.png 1006w, https:\/\/mmi.sciencespo-lille.eu\/wp-content\/uploads\/2024\/10\/alicebja-e1727972956718-295x300.png 295w, https:\/\/mmi.sciencespo-lille.eu\/wp-content\/uploads\/2024\/10\/alicebja-e1727972956718-768x782.png 768w, https:\/\/mmi.sciencespo-lille.eu\/wp-content\/uploads\/2024\/10\/alicebja-e1727972956718.png 1292w\" sizes=\"(max-width: 1006px) 100vw, 1006px\" \/><\/figure><\/div>\n\n\n\n<div style=\"height:34px\" aria-hidden=\"true\" class=\"wp-block-spacer\"><\/div>\n\n\n\n<h2 class=\"wp-block-heading\">\u00c9dito des responsables de la majeure MMI<\/h2>\n\n\n\n<p class=\"has-drop-cap\">Le milieu de l\u2019audiovisuel \u00e9tant un milieu en constante \u00e9volution, il fallait que Sciences Po Lille puisse l\u2019accompagner en d\u00e9veloppant une formation directement au contact du secteur et de ses acteurs. Une formation directement au contact du secteur et de ses acteurs. C\u2019est pourquoi nous avons travaill\u00e9 \u00e0 la cr\u00e9ation du Master <strong>Management des M\u00e9tiers de l\u2019Image<\/strong>, en partenariat avec le Series Mania Institute.&nbsp;<\/p>\n\n\n\n<p>Ainsi, int\u00e9grer MMI c\u2019est suivre une formation confi\u00e9e \u00e0 la fois \u00e0 des enseignantes et enseignants chercheurs de Sciences Po Lille, qui viennent nourrir les r\u00e9flexions sociologiques et \u00e9conomiques autour des enjeux contemporains des m\u00e9tiers de l\u2019image et du son, et \u00e0 des intervenantes et intervenants professionnels tels que des producteurs, des diffuseurs ou des financeurs de l\u2019audiovisuel, notamment gr\u00e2ce au partenariat avec le Series Mania Institute. Cette \u00e9quipe hybride de formateurs permet de pr\u00e9parer au mieux les \u00e9tudiantes et \u00e9tudiants de MMI \u00e0 leur ann\u00e9e d\u2019alternance en M2 ainsi qu\u2019\u00e0 leur future insertion professionnelle<em>, <\/em>qu\u2019ils choisissent de se sp\u00e9cialiser dans le cin\u00e9ma, le documentaire, l\u2019animation, la t\u00e9l\u00e9vision ou encore le podcast.\u00a0<\/p>\n\n\n\n<p>R\u00e9unis dans une promotion s\u00e9lective, les \u00e9l\u00e8ves de MMI \u00e9tudient autour de nombreux cas pratiques et de travaux de groupes destin\u00e9s \u00e0 les mettre en situation r\u00e9elle mais aussi \u00e0 encourager leur esprit d\u2019initiative et leur prise de responsabilit\u00e9. Les \u00e9tudiantes et \u00e9tudiants participent \u00e9galement chaque ann\u00e9e au festival et au forum professionnel Series Mania.&nbsp;<\/p>\n\n\n\n<p>Afin d\u2019accompagner l\u2019ouverture sur l\u2019international, la formation MMI a \u00e9galement \u00e9t\u00e9 pens\u00e9e comme un parcours bilingue avec pr\u00e8s de la moiti\u00e9 de la formation en Anglais, permettant aux \u00e9tudiantes et \u00e9tudiants d\u2019approfondir et de mettre en pratique le vocabulaire professionnel adapt\u00e9.\u00a0\u00a0<\/p>\n\n\n\n<p>Enfin, int\u00e9grer le Master MMI c\u2019est aussi s\u2019inscrire dans le parcours Grande \u00e9cole de Sciences Po Lille, avec un suivi individualis\u00e9 des \u00e9tudiantes et \u00e9tudiants et de leur apprentissage, notamment gr\u00e2ce \u00e0 des tuteurs et tutrices professionnels d\u00e9di\u00e9s. Ainsi accompagn\u00e9s, les \u00e9tudiantes et \u00e9tudiants de MMI pourront affiner, tout au long de leur formation, leur projet professionnel.&nbsp;<\/p>\n\n\n\n<p class=\"has-text-align-right\"><strong>L\u00e9a-Jeanne Boehringer&nbsp;et Alice B\u00e9ja<\/strong><\/p>\n","protected":false},"excerpt":{"rendered":"<p>Bienvenue sur le site de la majeure Management des M\u00e9tiers de l&rsquo;Image (MMI) de Sciences Po Lille.En partenariat avec Series Mania Institute. Objectif de la formation Le Master MMI, en partenariat avec le Series Mania Institute, a pour ambition de former les cadres de haut niveau et les entrepreneurs de l\u2019audiovisuel\u202fde demain. Pour cela, la [&hellip;]<\/p>\n","protected":false},"author":1,"featured_media":0,"parent":0,"menu_order":0,"comment_status":"closed","ping_status":"closed","template":"","meta":{"_seopress_robots_primary_cat":"","_seopress_titles_title":"","_seopress_titles_desc":"Bienvenue sur le site de la majeure Management des M\u00e9tiers de l&#039;Image (MMI) de Sciences Po Lille.\r\nEn partenariat avec S\u00e9rie Mania Institute.","_seopress_robots_index":"","ocean_post_layout":"","ocean_both_sidebars_style":"","ocean_both_sidebars_content_width":0,"ocean_both_sidebars_sidebars_width":0,"ocean_sidebar":"","ocean_second_sidebar":"","ocean_disable_margins":"enable","ocean_add_body_class":"","ocean_shortcode_before_top_bar":"","ocean_shortcode_after_top_bar":"","ocean_shortcode_before_header":"","ocean_shortcode_after_header":"","ocean_has_shortcode":"","ocean_shortcode_after_title":"","ocean_shortcode_before_footer_widgets":"","ocean_shortcode_after_footer_widgets":"","ocean_shortcode_before_footer_bottom":"","ocean_shortcode_after_footer_bottom":"","ocean_display_top_bar":"default","ocean_display_header":"default","ocean_header_style":"","ocean_center_header_left_menu":"","ocean_custom_header_template":"","ocean_custom_logo":0,"ocean_custom_retina_logo":0,"ocean_custom_logo_max_width":0,"ocean_custom_logo_tablet_max_width":0,"ocean_custom_logo_mobile_max_width":0,"ocean_custom_logo_max_height":0,"ocean_custom_logo_tablet_max_height":0,"ocean_custom_logo_mobile_max_height":0,"ocean_header_custom_menu":"","ocean_menu_typo_font_family":"","ocean_menu_typo_font_subset":"","ocean_menu_typo_font_size":0,"ocean_menu_typo_font_size_tablet":0,"ocean_menu_typo_font_size_mobile":0,"ocean_menu_typo_font_size_unit":"px","ocean_menu_typo_font_weight":"","ocean_menu_typo_font_weight_tablet":"","ocean_menu_typo_font_weight_mobile":"","ocean_menu_typo_transform":"","ocean_menu_typo_transform_tablet":"","ocean_menu_typo_transform_mobile":"","ocean_menu_typo_line_height":0,"ocean_menu_typo_line_height_tablet":0,"ocean_menu_typo_line_height_mobile":0,"ocean_menu_typo_line_height_unit":"","ocean_menu_typo_spacing":0,"ocean_menu_typo_spacing_tablet":0,"ocean_menu_typo_spacing_mobile":0,"ocean_menu_typo_spacing_unit":"","ocean_menu_link_color":"","ocean_menu_link_color_hover":"","ocean_menu_link_color_active":"","ocean_menu_link_background":"","ocean_menu_link_hover_background":"","ocean_menu_link_active_background":"","ocean_menu_social_links_bg":"","ocean_menu_social_hover_links_bg":"","ocean_menu_social_links_color":"","ocean_menu_social_hover_links_color":"","ocean_disable_title":"default","ocean_disable_heading":"default","ocean_post_title":"","ocean_post_subheading":"","ocean_post_title_style":"","ocean_post_title_background_color":"","ocean_post_title_background":0,"ocean_post_title_bg_image_position":"","ocean_post_title_bg_image_attachment":"","ocean_post_title_bg_image_repeat":"","ocean_post_title_bg_image_size":"","ocean_post_title_height":0,"ocean_post_title_bg_overlay":0.5,"ocean_post_title_bg_overlay_color":"","ocean_disable_breadcrumbs":"default","ocean_breadcrumbs_color":"","ocean_breadcrumbs_separator_color":"","ocean_breadcrumbs_links_color":"","ocean_breadcrumbs_links_hover_color":"","ocean_display_footer_widgets":"default","ocean_display_footer_bottom":"default","ocean_custom_footer_template":"","footnotes":""},"class_list":["post-9","page","type-page","status-publish","hentry","entry"],"_links":{"self":[{"href":"https:\/\/mmi.sciencespo-lille.eu\/index.php\/wp-json\/wp\/v2\/pages\/9","targetHints":{"allow":["GET"]}}],"collection":[{"href":"https:\/\/mmi.sciencespo-lille.eu\/index.php\/wp-json\/wp\/v2\/pages"}],"about":[{"href":"https:\/\/mmi.sciencespo-lille.eu\/index.php\/wp-json\/wp\/v2\/types\/page"}],"author":[{"embeddable":true,"href":"https:\/\/mmi.sciencespo-lille.eu\/index.php\/wp-json\/wp\/v2\/users\/1"}],"replies":[{"embeddable":true,"href":"https:\/\/mmi.sciencespo-lille.eu\/index.php\/wp-json\/wp\/v2\/comments?post=9"}],"version-history":[{"count":24,"href":"https:\/\/mmi.sciencespo-lille.eu\/index.php\/wp-json\/wp\/v2\/pages\/9\/revisions"}],"predecessor-version":[{"id":763,"href":"https:\/\/mmi.sciencespo-lille.eu\/index.php\/wp-json\/wp\/v2\/pages\/9\/revisions\/763"}],"wp:attachment":[{"href":"https:\/\/mmi.sciencespo-lille.eu\/index.php\/wp-json\/wp\/v2\/media?parent=9"}],"curies":[{"name":"wp","href":"https:\/\/api.w.org\/{rel}","templated":true}]}}